{"id":17,"date":"2018-10-20T15:44:30","date_gmt":"2018-10-20T12:44:30","guid":{"rendered":"http:\/\/localhost\/Hotel_Sandkrug\/?page_id=17"},"modified":"2026-04-25T22:35:49","modified_gmt":"2026-04-25T20:35:49","slug":"zimmer","status":"publish","type":"page","link":"https:\/\/hotel-sandkrug.de\/?page_id=17","title":{"rendered":"Zimmer"},"content":{"rendered":"<p>Zimmer<\/p>\n<ul>\n<li><img loading=\"lazy\" decoding=\"async\" class=\"alignnone size-full wp-image-60\" src=\"http:\/\/localhost\/Hotel_Sandkrug\/wp-content\/uploads\/2018\/10\/Zimmer_1.png\" alt=\"\" width=\"1053\" height=\"594\" srcset=\"https:\/\/hotel-sandkrug.de\/wp-content\/uploads\/2018\/10\/Zimmer_1.png 1053w, https:\/\/hotel-sandkrug.de\/wp-content\/uploads\/2018\/10\/Zimmer_1-300x169.png 300w, https:\/\/hotel-sandkrug.de\/wp-content\/uploads\/2018\/10\/Zimmer_1-768x433.png 768w, https:\/\/hotel-sandkrug.de\/wp-content\/uploads\/2018\/10\/Zimmer_1-1024x578.png 1024w\" sizes=\"auto, (max-width: 1053px) 100vw, 1053px\" \/><br \/>\n<h3><span class=\"fontstyle0\">Einzelzimmer<\/span><\/h3>\n<p><span class=\"fontstyle0\">Einzelzimmer<br \/>\n<\/span><span class=\"fontstyle1\">Buchen Sie eines unserer Einzelzimmer<br \/>\nund<br \/>\ngenie\u00dfen Sie Ihren Aufenthalt.<br \/>\n\u2022 eigenes Bad mit WC und Dusche (inkl.<br \/>\nHaartrockner)<br \/>\n\u2022 Kostenloses WLAN<br \/>\n\u2022 Telefon<br \/>\n\u2022 Fernseher<br \/>\n\u2022 1 Bett<\/span><\/p>\n<p><span class=\"fontstyle0\">\u00a0 \u00a0 \u00a0 \u00a0 \u00a0 \u00a0 \u00a0 \u00a0 \u00a0 \u00a0 \u00a0 \u00a0 \u00a0 \u00a0 \u00a0 \u00a0\u00dcbernachtung pro Tag<\/span><\/p>\n<h3><span class=\"fontstyle2\">\u00a0 \u00a0 \u00a0 \u00a0 \u00a0 \u00a0 \u00a0 \u00a0 \u00a0 \u00a0 \u00a0 \u00a0 \u00a0 \u00a0 \u00a0 \u00a0 \u00a0 \u00a0 \u00a0 \u00a0 \u00a0 \u00a043,-<\/span><\/h3>\n<\/li>\n<li><img loading=\"lazy\" decoding=\"async\" class=\"alignnone size-full wp-image-61\" src=\"http:\/\/localhost\/Hotel_Sandkrug\/wp-content\/uploads\/2018\/10\/Zimmer_2.png\" alt=\"\" width=\"1236\" height=\"777\" srcset=\"https:\/\/hotel-sandkrug.de\/wp-content\/uploads\/2018\/10\/Zimmer_2.png 1236w, https:\/\/hotel-sandkrug.de\/wp-content\/uploads\/2018\/10\/Zimmer_2-300x189.png 300w, https:\/\/hotel-sandkrug.de\/wp-content\/uploads\/2018\/10\/Zimmer_2-768x483.png 768w, https:\/\/hotel-sandkrug.de\/wp-content\/uploads\/2018\/10\/Zimmer_2-1024x644.png 1024w\" sizes=\"auto, (max-width: 1236px) 100vw, 1236px\" \/><br \/>\n<h3><span class=\"fontstyle0\">Doppelzimmer<\/span><\/h3>\n<p><span class=\"fontstyle0\">Sie k\u00f6nnen nat\u00fcrlich auch eines unserer<br \/>\nDoppelzimmer buchen, in denen Sie sich<br \/>\ngarantiert wohl f\u00fchlen werden.<br \/>\n\u2022 eigenes Bad mit WC und Badewanne<br \/>\n(inkl. Haartrockner)<br \/>\n\u2022 Kostenloses WLAN<br \/>\n\u2022 Fernseher<br \/>\n\u2022 Telefon<br \/>\n\u2022 1 Doppelbett<\/span><\/p>\n<p><span class=\"fontstyle0\">\u00a0 \u00a0 \u00a0 \u00a0 \u00a0 \u00a0 \u00a0 \u00a0 \u00a0 \u00a0 \u00a0 \u00a0 \u00a0 \u00a0 \u00a0 \u00a0 \u00a0\u00dcbernachtung pro Tag<\/span><\/p>\n<h3><span class=\"fontstyle0\">\u00a0 \u00a0 \u00a0 \u00a0 \u00a0 \u00a0 \u00a0 \u00a0 \u00a0 \u00a0 \u00a0 \u00a0 \u00a0 \u00a0 \u00a0 \u00a0 \u00a0 \u00a0 \u00a0 \u00a0 \u00a0 \u00a0 75,-<\/span><\/h3>\n<\/li>\n<li><img loading=\"lazy\" decoding=\"async\" class=\"alignnone size-full wp-image-62\" src=\"http:\/\/localhost\/Hotel_Sandkrug\/wp-content\/uploads\/2018\/10\/Zimmer_3.png\" alt=\"\" width=\"1076\" height=\"706\" srcset=\"https:\/\/hotel-sandkrug.de\/wp-content\/uploads\/2018\/10\/Zimmer_3.png 1076w, https:\/\/hotel-sandkrug.de\/wp-content\/uploads\/2018\/10\/Zimmer_3-300x197.png 300w, https:\/\/hotel-sandkrug.de\/wp-content\/uploads\/2018\/10\/Zimmer_3-768x504.png 768w, https:\/\/hotel-sandkrug.de\/wp-content\/uploads\/2018\/10\/Zimmer_3-1024x672.png 1024w\" sizes=\"auto, (max-width: 1076px) 100vw, 1076px\" \/><br \/>\n<h3><span class=\"fontstyle0\">Ferienapartment<\/span><\/h3>\n<p><span class=\"fontstyle0\">Wohnen Sie in gro\u00dfz\u00fcgigen Aufenthaltsr\u00e4umen und Schlafzimmern.<br \/>\n\u2022 eigenes Bad mit WC und Badewanne<br \/>\n(inkl. Haartrockner)<br \/>\n\u2022 Kostenloses WLAN<br \/>\n\u2022 Fernseher<br \/>\n\u2022 Telefon<br \/>\n\u2022 1 Doppelbett<br \/>\n\u2022 K\u00fcche<\/span><\/p>\n<p><span class=\"fontstyle0\">\u00a0 \u00a0 \u00a0 \u00a0 \u00a0 \u00a0 \u00a0 \u00a0 \u00a0 \u00a0 \u00a0 \u00a0 \u00a0 \u00a0 \u00a0 \u00a0 \u00dcbernachtung pro Tag<\/span><\/p>\n<h3><span class=\"fontstyle0\">\u00a0 \u00a0 \u00a0 \u00a0 \u00a0 \u00a0 \u00a0 \u00a0 \u00a0 Preis auf Anfrage<\/span><\/h3>\n<\/li>\n<\/ul>\n","protected":false},"excerpt":{"rendered":"<p>Zimmer Einzelzimmer Einzelzimmer Buchen Sie eines unserer Einzelzimmer und genie\u00dfen Sie Ihren Aufenthalt. \u2022 eigenes Bad mit WC und Dusche (inkl. Haartrockner) \u2022 Kostenloses WLAN \u2022 Telefon \u2022 Fernseher \u2022 1 Bett \u00a0 \u00a0 \u00a0 \u00a0 \u00a0 \u00a0 \u00a0 \u00a0 \u00a0 \u00a0 \u00a0 \u00a0 \u00a0 \u00a0 \u00a0 \u00a0\u00dcbernachtung pro Tag \u00a0 \u00a0 \u00a0 \u00a0 \u00a0 &hellip; <a href=\"https:\/\/hotel-sandkrug.de\/?page_id=17\" class=\"more-link\"><span class=\"screen-reader-text\">Zimmer<\/span> weiterlesen<\/a><\/p>\n","protected":false},"author":1,"featured_media":0,"parent":0,"menu_order":0,"comment_status":"closed","ping_status":"closed","template":"","meta":{"footnotes":""},"class_list":["post-17","page","type-page","status-publish","hentry"],"_links":{"self":[{"href":"https:\/\/hotel-sandkrug.de\/index.php?rest_route=\/wp\/v2\/pages\/17","targetHints":{"allow":["GET"]}}],"collection":[{"href":"https:\/\/hotel-sandkrug.de\/index.php?rest_route=\/wp\/v2\/pages"}],"about":[{"href":"https:\/\/hotel-sandkrug.de\/index.php?rest_route=\/wp\/v2\/types\/page"}],"author":[{"embeddable":true,"href":"https:\/\/hotel-sandkrug.de\/index.php?rest_route=\/wp\/v2\/users\/1"}],"replies":[{"embeddable":true,"href":"https:\/\/hotel-sandkrug.de\/index.php?rest_route=%2Fwp%2Fv2%2Fcomments&post=17"}],"version-history":[{"count":8,"href":"https:\/\/hotel-sandkrug.de\/index.php?rest_route=\/wp\/v2\/pages\/17\/revisions"}],"predecessor-version":[{"id":121,"href":"https:\/\/hotel-sandkrug.de\/index.php?rest_route=\/wp\/v2\/pages\/17\/revisions\/121"}],"wp:attachment":[{"href":"https:\/\/hotel-sandkrug.de\/index.php?rest_route=%2Fwp%2Fv2%2Fmedia&parent=17"}],"curies":[{"name":"wp","href":"https:\/\/api.w.org\/{rel}","templated":true}]}}