{"id":19,"date":"2018-10-20T15:44:40","date_gmt":"2018-10-20T12:44:40","guid":{"rendered":"http:\/\/localhost\/Hotel_Sandkrug\/?page_id=19"},"modified":"2026-04-25T22:35:49","modified_gmt":"2026-04-25T20:35:49","slug":"restaurant","status":"publish","type":"page","link":"https:\/\/hotel-sandkrug.de\/?page_id=19","title":{"rendered":"Restaurant"},"content":{"rendered":"<p><span class=\"fontstyle0\">Restaurant<\/span><\/p>\n<ul>\n<li><img loading=\"lazy\" decoding=\"async\" class=\"alignnone size-full wp-image-76\" src=\"http:\/\/localhost\/Hotel_Sandkrug\/wp-content\/uploads\/2018\/10\/Restaurant_1.png\" alt=\"\" width=\"1165\" height=\"642\" srcset=\"https:\/\/hotel-sandkrug.de\/wp-content\/uploads\/2018\/10\/Restaurant_1.png 1165w, https:\/\/hotel-sandkrug.de\/wp-content\/uploads\/2018\/10\/Restaurant_1-300x165.png 300w, https:\/\/hotel-sandkrug.de\/wp-content\/uploads\/2018\/10\/Restaurant_1-768x423.png 768w, https:\/\/hotel-sandkrug.de\/wp-content\/uploads\/2018\/10\/Restaurant_1-1024x564.png 1024w\" sizes=\"auto, (max-width: 1165px) 100vw, 1165px\" \/><br \/>\n<h3><span class=\"fontstyle0\">Fr\u00fchst\u00fccks-Buffet<\/span><\/h3>\n<p><span class=\"fontstyle0\">Was kann wichtiger sein als der Start in<br \/>\nden Tag? Wir bieten Ihnen Wurst- und<br \/>\nK\u00e4se-Spezialit\u00e4ten, Milchprodukte,<br \/>\nGlutenfreie Produkte, frisch zubereitete<br \/>\nEierspezialit\u00e4ten, Kaffeespezialit\u00e4ten und<br \/>\nQualit\u00e4ts-Tee. So f\u00e4ngt ein Tag gut an!<\/span><\/li>\n<li><img loading=\"lazy\" decoding=\"async\" class=\"alignnone size-full wp-image-77\" src=\"http:\/\/localhost\/Hotel_Sandkrug\/wp-content\/uploads\/2018\/10\/Restaurant_2.png\" alt=\"\" width=\"1073\" height=\"738\" srcset=\"https:\/\/hotel-sandkrug.de\/wp-content\/uploads\/2018\/10\/Restaurant_2.png 1073w, https:\/\/hotel-sandkrug.de\/wp-content\/uploads\/2018\/10\/Restaurant_2-300x206.png 300w, https:\/\/hotel-sandkrug.de\/wp-content\/uploads\/2018\/10\/Restaurant_2-768x528.png 768w, https:\/\/hotel-sandkrug.de\/wp-content\/uploads\/2018\/10\/Restaurant_2-1024x704.png 1024w\" sizes=\"auto, (max-width: 1073px) 100vw, 1073px\" \/><br \/>\n<h3><span class=\"fontstyle0\">Brunch<\/span><\/h3>\n<p><span class=\"fontstyle0\">Ein besonderes Highlight f\u00fcr alle Langschl\u00e4fer und ausgiebigen Fr\u00fchst\u00fccksgenie\u00dfer<\/span><\/li>\n<li><img loading=\"lazy\" decoding=\"async\" class=\"alignnone size-full wp-image-78\" src=\"http:\/\/localhost\/Hotel_Sandkrug\/wp-content\/uploads\/2018\/10\/Restaurant_3.png\" alt=\"\" width=\"1056\" height=\"725\" srcset=\"https:\/\/hotel-sandkrug.de\/wp-content\/uploads\/2018\/10\/Restaurant_3.png 1056w, https:\/\/hotel-sandkrug.de\/wp-content\/uploads\/2018\/10\/Restaurant_3-300x206.png 300w, https:\/\/hotel-sandkrug.de\/wp-content\/uploads\/2018\/10\/Restaurant_3-768x527.png 768w, https:\/\/hotel-sandkrug.de\/wp-content\/uploads\/2018\/10\/Restaurant_3-1024x703.png 1024w\" sizes=\"auto, (max-width: 1056px) 100vw, 1056px\" \/><br \/>\n<h3><span class=\"fontstyle0\">Buffet<\/span><\/h3>\n<p><span class=\"fontstyle0\">Individuell nach Ihren W\u00fcnschen mit den<br \/>\nbesten Angeboten der Saison.<\/span><\/li>\n<\/ul>\n","protected":false},"excerpt":{"rendered":"<p>Restaurant Fr\u00fchst\u00fccks-Buffet Was kann wichtiger sein als der Start in den Tag? Wir bieten Ihnen Wurst- und K\u00e4se-Spezialit\u00e4ten, Milchprodukte, Glutenfreie Produkte, frisch zubereitete Eierspezialit\u00e4ten, Kaffeespezialit\u00e4ten und Qualit\u00e4ts-Tee. So f\u00e4ngt ein Tag gut an! Brunch Ein besonderes Highlight f\u00fcr alle Langschl\u00e4fer und ausgiebigen Fr\u00fchst\u00fccksgenie\u00dfer Buffet Individuell nach Ihren W\u00fcnschen mit den besten Angeboten der Saison.<\/p>\n","protected":false},"author":1,"featured_media":0,"parent":0,"menu_order":0,"comment_status":"closed","ping_status":"closed","template":"","meta":{"footnotes":""},"class_list":["post-19","page","type-page","status-publish","hentry"],"_links":{"self":[{"href":"https:\/\/hotel-sandkrug.de\/index.php?rest_route=\/wp\/v2\/pages\/19","targetHints":{"allow":["GET"]}}],"collection":[{"href":"https:\/\/hotel-sandkrug.de\/index.php?rest_route=\/wp\/v2\/pages"}],"about":[{"href":"https:\/\/hotel-sandkrug.de\/index.php?rest_route=\/wp\/v2\/types\/page"}],"author":[{"embeddable":true,"href":"https:\/\/hotel-sandkrug.de\/index.php?rest_route=\/wp\/v2\/users\/1"}],"replies":[{"embeddable":true,"href":"https:\/\/hotel-sandkrug.de\/index.php?rest_route=%2Fwp%2Fv2%2Fcomments&post=19"}],"version-history":[{"count":4,"href":"https:\/\/hotel-sandkrug.de\/index.php?rest_route=\/wp\/v2\/pages\/19\/revisions"}],"predecessor-version":[{"id":79,"href":"https:\/\/hotel-sandkrug.de\/index.php?rest_route=\/wp\/v2\/pages\/19\/revisions\/79"}],"wp:attachment":[{"href":"https:\/\/hotel-sandkrug.de\/index.php?rest_route=%2Fwp%2Fv2%2Fmedia&parent=19"}],"curies":[{"name":"wp","href":"https:\/\/api.w.org\/{rel}","templated":true}]}}